{"id":94,"date":"2018-04-05T22:41:36","date_gmt":"2018-04-05T20:41:36","guid":{"rendered":"http:\/\/beors.fr\/?page_id=94"},"modified":"2023-05-08T11:52:19","modified_gmt":"2023-05-08T09:52:19","slug":"home-2","status":"publish","type":"page","link":"https:\/\/www.beors.fr\/","title":{"rendered":"One page Beors"},"content":{"rendered":"<section class=\"section  text-normal section-text-no-shadow section-inner-no-shadow section-normal section-opaque\"  id=\"MyHome\" >\n    \n    <div class=\"background-overlay grid-overlay-0 \" style=\"background-color: rgba(0,0,0,0);\"><\/div>\n\n    <div class=\"container container-vertical-default\">\n        <div class=\"row vertical-default\">\n            <div class=\"col-md-12     text-default small-screen-default\"  >\n\t\t\t<!-- START homepage REVOLUTION SLIDER 6.7.34 --><p class=\"rs-p-wp-fix\"><\/p>\n\t\t\t<rs-module-wrap id=\"rev_slider_1_1_wrapper\" data-source=\"gallery\" style=\"visibility:hidden;background:transparent;padding:0;\">\n\t\t\t\t<rs-module id=\"rev_slider_1_1\" style=\"\" data-version=\"6.7.34\">\n\t\t\t\t\t<rs-slides style=\"overflow: hidden; position: absolute;\">\n\t\t\t\t\t\t<rs-slide style=\"position: absolute;\" data-key=\"rs-3\" data-title=\"Slide\" data-anim=\"adpr:false;\">\n\t\t\t\t\t\t\t<img decoding=\"async\" src=\"\/\/www.beors.fr\/wp-content\/plugins\/revslider\/sr6\/assets\/assets\/dummy.png\" alt=\"\" title=\"One page Beors\" class=\"rev-slidebg tp-rs-img rs-lazyload\" data-lazyload=\"\/\/www.beors.fr\/wp-content\/uploads\/2018\/04\/anza_background.jpg\" data-no-retina>\n<!--\n\t\t\t\t\t\t\t--><rs-layer\n\t\t\t\t\t\t\t\tid=\"slider-1-slide-3-layer-1\" \n\t\t\t\t\t\t\t\tdata-type=\"image\"\n\t\t\t\t\t\t\t\tdata-rsp_ch=\"on\"\n\t\t\t\t\t\t\t\tdata-xy=\"xo:100px;yo:100px;\"\n\t\t\t\t\t\t\t\tdata-text=\"l:22;a:inherit;\"\n\t\t\t\t\t\t\t\tdata-dim=\"w:[&#039;292px&#039;,&#039;292px&#039;,&#039;292px&#039;,&#039;292px&#039;];h:[&#039;500px&#039;,&#039;500px&#039;,&#039;500px&#039;,&#039;500px&#039;];\"\n\t\t\t\t\t\t\t\tdata-frame_0=\"x:left;o:1;tp:600;\"\n\t\t\t\t\t\t\t\tdata-frame_1=\"tp:600;e:power3.out;sp:1500;sR:10;\"\n\t\t\t\t\t\t\t\tdata-frame_999=\"o:0;tp:600;st:w;sR:7490;\"\n\t\t\t\t\t\t\t\tstyle=\"z-index:5;\"\n\t\t\t\t\t\t\t><img decoding=\"async\" src=\"\/\/www.beors.fr\/wp-content\/plugins\/revslider\/sr6\/assets\/assets\/dummy.png\" alt=\"\" class=\"tp-rs-img rs-lazyload\" width=\"292\" height=\"500\" data-lazyload=\"\/\/www.beors.fr\/wp-content\/uploads\/2018\/04\/logo-web-transparent.png\" data-no-retina> \n\t\t\t\t\t\t\t<\/rs-layer><!--\n\n\t\t\t\t\t\t\t--><rs-layer\n\t\t\t\t\t\t\t\tid=\"slider-1-slide-3-layer-2\" \n\t\t\t\t\t\t\t\tdata-type=\"text\"\n\t\t\t\t\t\t\t\tdata-color=\"#b73cb5\"\n\t\t\t\t\t\t\t\tdata-rsp_ch=\"on\"\n\t\t\t\t\t\t\t\tdata-xy=\"xo:478px;yo:334px;\"\n\t\t\t\t\t\t\t\tdata-text=\"s:50;l:52;a:inherit;\"\n\t\t\t\t\t\t\t\tdata-frame_0=\"o:1;tp:600;\"\n\t\t\t\t\t\t\t\tdata-frame_0_chars=\"d:5;x:105%;o:1;rX:45deg;rY:0deg;rZ:90deg;\"\n\t\t\t\t\t\t\t\tdata-frame_0_mask=\"u:t;\"\n\t\t\t\t\t\t\t\tdata-frame_1=\"tp:600;e:power4.inOut;sp:2000;sR:10;\"\n\t\t\t\t\t\t\t\tdata-frame_1_chars=\"d:5;\"\n\t\t\t\t\t\t\t\tdata-frame_1_mask=\"u:t;\"\n\t\t\t\t\t\t\t\tdata-frame_999=\"o:0;tp:600;st:w;sR:5940;\"\n\t\t\t\t\t\t\t\tstyle=\"z-index:6;font-family:'Open Sans';\"\n\t\t\t\t\t\t\t>L'artisan de v\u00f4tre succ\u00e8s \n\t\t\t\t\t\t\t<\/rs-layer><!--\n-->\t\t\t\t\t<\/rs-slide>\n\t\t\t\t\t<\/rs-slides>\n\t\t\t\t<\/rs-module>\n\t\t\t\t<script>\n\t\t\t\t\tsetREVStartSize({c: 'rev_slider_1_1',rl:[1240,1024,778,480],el:[],gw:[1240,1024,778,480],gh:[868,768,960,720],type:'hero',justify:'',layout:'fullscreen',offsetContainer:'',offset:'',mh:\"0\"});if (window.RS_MODULES!==undefined && window.RS_MODULES.modules!==undefined && window.RS_MODULES.modules[\"revslider11\"]!==undefined) {window.RS_MODULES.modules[\"revslider11\"].once = false;window.revapi1 = undefined;if (window.RS_MODULES.checkMinimal!==undefined) window.RS_MODULES.checkMinimal()}\n\t\t\t\t<\/script>\n\t\t\t<\/rs-module-wrap>\n\t\t\t<!-- END REVOLUTION SLIDER -->\n<\/div>        <\/div>\n    <\/div>\n<\/section>\n<section class=\"section  text-normal section-text-no-shadow section-inner-no-shadow section-normal section-opaque\"  id=\"About\" >\n    \n    <div class=\"background-overlay grid-overlay-0 \" style=\"background-color: rgba(157,80,203,1);\"><\/div>\n\n    <div class=\"container container-vertical-default\">\n        <div class=\"row vertical-default\">\n            <div class=\"col-md-8     text-default small-screen-default\"  style=\"background:#9d50cb;\"><div class=\"col-text-1 text-normal  element-top-140 element-bottom-90\" data-os-animation=\"none\" data-os-animation-delay=\"0s\">\n    <\/div>\n<div class=\"col-text-1 text-light  element-top-20 element-bottom-20\" data-os-animation=\"none\" data-os-animation-delay=\"0s\">\n    <h1>Beors ?<\/h1>\n<h3>Fort d&#8217;une exp\u00e9rience de plus de 20 ans dans le monde de l&#8217;IT, Beors souhaite proposer son expertise de mani\u00e8re plus humaine et honn\u00eate. \u00catre \u00e0 l&#8217;\u00e9coute du client et r\u00e9pondre \u00e0 ses vrais besoins en gardant une honn\u00eatet\u00e9 intellectuelle.<\/h3>\n<\/div>\n<div class=\"col-text-1 text-normal  element-top-90 element-bottom-140\" data-os-animation=\"none\" data-os-animation-delay=\"0s\">\n    <\/div>\n<\/div><div class=\"col-md-4     text-default small-screen-default\"  style=\"background:#9d50cb;\"><div class=\"col-text-1 text-normal  element-top-140 element-bottom-90\" data-os-animation=\"none\" data-os-animation-delay=\"0s\">\n    <\/div>\n<div class=\"figure element-top-20 element-bottom-20  \" data-os-animation=\"none\" data-os-animation-delay=\"0s\">\n            <span class=\"figure-image\">\n        <img loading=\"lazy\" decoding=\"async\" width=\"300\" height=\"199\" src=\"https:\/\/www.beors.fr\/wp-content\/uploads\/2018\/06\/blur-blurred-book-46274-300x199.jpg\" class=\"attachment-medium size-medium\" alt=\"\" srcset=\"https:\/\/www.beors.fr\/wp-content\/uploads\/2018\/06\/blur-blurred-book-46274-300x199.jpg 300w, https:\/\/www.beors.fr\/wp-content\/uploads\/2018\/06\/blur-blurred-book-46274-1024x681.jpg 1024w, https:\/\/www.beors.fr\/wp-content\/uploads\/2018\/06\/blur-blurred-book-46274-768x511.jpg 768w, https:\/\/www.beors.fr\/wp-content\/uploads\/2018\/06\/blur-blurred-book-46274-1536x1021.jpg 1536w, https:\/\/www.beors.fr\/wp-content\/uploads\/2018\/06\/blur-blurred-book-46274-2048x1362.jpg 2048w, https:\/\/www.beors.fr\/wp-content\/uploads\/2018\/06\/blur-blurred-book-46274-600x400.jpg 600w\" sizes=\"auto, (max-width: 300px) 100vw, 300px\" \/>            <\/span>\n    <\/div>\n<div class=\"col-text-1 text-normal  element-top-90 element-bottom-140\" data-os-animation=\"none\" data-os-animation-delay=\"0s\">\n    <\/div>\n<\/div>        <\/div>\n    <\/div>\n<\/section>\n<section class=\"section  text-normal section-text-no-shadow section-inner-no-shadow section-normal section-opaque\"  >\n            <div class=\"background-media\" style=\"background-image: url(&#039;https:\/\/www.beors.fr\/wp-content\/uploads\/2018\/04\/anza_cta.jpg&#039;); background-repeat:no-repeat; background-size:cover; background-attachment:no-scroll; background-position: 50% 0%;\" >\n                    <\/div>\n    \n    <div class=\"background-overlay grid-overlay-0 \" style=\"background-color: rgba(0,0,0,0);\"><\/div>\n\n    <div class=\"container container-vertical-default\">\n        <div class=\"row vertical-default\">\n            <div class=\"col-md-12     text-default small-screen-default\"  ><div class=\"col-text-1 text-normal  element-top-60 element-bottom-60\" data-os-animation=\"none\" data-os-animation-delay=\"0s\">\n    <\/div>\n<div class=\"col-text-1 text-normal  element-top-220 element-bottom-220\" data-os-animation=\"none\" data-os-animation-delay=\"0s\">\n    <h1 style=\"text-align: center;\"><span style=\"color: #ffffff;\">Nous pouvons vous assister<\/span><\/h1>\n<\/div>\n<div class=\"col-text-1 text-normal  element-top-60 element-bottom-60\" data-os-animation=\"none\" data-os-animation-delay=\"0s\">\n    <\/div>\n<\/div>        <\/div>\n    <\/div>\n<\/section>\n<section class=\"section  text-normal section-text-no-shadow section-inner-no-shadow section-normal section-opaque\"  >\n    \n    <div class=\"background-overlay grid-overlay-0 \" style=\"background-color: rgba(0,0,0,0);\"><\/div>\n\n    <div class=\"container container-vertical-default\">\n        <div class=\"row vertical-default\">\n            <div class=\"col-md-12     text-default small-screen-default\"  ><div class=\" element-top-20 element-bottom-20\" data-os-animation=\"none\" data-os-animation-delay=\"0s\">\n\t\t\t\t<div class=\"tabbable ''\">\n\t\t\t\t<ul class=\"nav nav-tabs\" data-tabs=\"tabs\"><!-- Nav tabs -->\n  \t\t\t\t<li class=\"active\"><a href=\"#1537026630-1-25\" data-toggle=\"tab\">Audit<\/a><\/li>\n  \t  \t  \t\t\t<li><a href=\"#1537026630-2-54\" data-toggle=\"tab\">Conseil<\/a><\/li>\n  \t  \t  \t\t\t<li><a href=\"#1537026954600-2-1\" data-toggle=\"tab\">Virtualisation<\/a><\/li>\n  \t<\/ul>\n\t\t\t\t<div class=\"tab-content\"><!-- Tab panes -->\n  \t  \t  \t\t<div class=\"tab-pane fade in active\" id=\"1537026630-1-25\">\n  \t\t\t<div class=\"col-text-1 text-normal  element-top-20 element-bottom-20\" data-os-animation=\"none\" data-os-animation-delay=\"0s\">\n    <div class=\"ich-prefix\">\r\n\r\n    \r\n    <div class=\"row wcp-fgg-wrap\" style=\"width:auto;margin-left: -10px;margin-right: -10px;\">\r\n\r\n                                <div class=\"col-1-1\" style=\"padding: 10px;\">\r\n                <div class=\"ih-item square effect6 from_top_and_bottom\" id=\"wcp-widget-175-0\">\r\n    <div class=\"wcp-ih-inner\">\r\n            <div class=\"img\">\r\n            <img decoding=\"async\" src=\"https:\/\/www.beors.fr\/wp-content\/uploads\/2018\/09\/business-charts-data-95916_tiny.jpg\" title=\"Audit\" alt=\"\" \/>                \r\n        <\/div>\r\n        <div class=\"info\" style=\"background-color: ;color:;\">\r\n            <div >\r\n                <h3 style=\"font-size:50px;background-color:;\">\r\n                    Audit                <\/h3>\r\n                <div class=\"bottom-caption\" style=\"text-align: auto;\">\r\n                    <h1><span style=\"color: #ffffff;\">Que cela soit pour une infrastructure vieillissante ou pour une plateforme fra\u00eechement install\u00e9e, il est toujours sain de faire un bilan de l'\u00e9tat de son environnement.<\/span><\/h1>                <\/div>\r\n            <\/div>\r\n        <\/div>\r\n    <\/div>\r\n    <\/div>\r\n<style>\r\n    #wcp-widget-175-0 .info h3 {\r\n        color: ;\r\n    }    \r\n    #wcp-widget-175-0 .info .bottom-caption * {\r\n        color: ;\r\n    }    \r\n<\/style>            <\/div>\r\n            \r\n            <\/div>\r\n    \r\n\r\n    \r\n    <div class=\"clearfix\"><\/div>\r\n    \r\n<\/div>\n<\/div>\n    \t<\/div>\n      \t  \t    \t<div class=\"tab-pane fade\" id=\"1537026630-2-54\">\n    \t\t<div class=\"col-text-1 text-normal  element-top-20 element-bottom-20\" data-os-animation=\"none\" data-os-animation-delay=\"0s\">\n    <div class=\"ich-prefix\">\r\n\r\n    \r\n    <div class=\"row wcp-fgg-wrap\" style=\"width:auto;margin-left: -10px;margin-right: -10px;\">\r\n\r\n                                <div class=\"col-1-1\" style=\"padding: 10px;\">\r\n                <div class=\"ih-item square effect6 from_top_and_bottom\" id=\"wcp-widget-178-0\">\r\n    <div class=\"wcp-ih-inner\">\r\n            <div class=\"img\">\r\n            <img decoding=\"async\" src=\"https:\/\/www.beors.fr\/wp-content\/uploads\/2018\/09\/adult-analyzing-brainstorming-1080865_tiny.jpg\" title=\"Conseil\" alt=\"\" \/>                \r\n        <\/div>\r\n        <div class=\"info\" style=\"background-color: ;color:;\">\r\n            <div >\r\n                <h3 style=\"font-size:50px;background-color:;\">\r\n                    Conseil                <\/h3>\r\n                <div class=\"bottom-caption\" style=\"text-align: auto;\">\r\n                    <h1><span style=\"color: #ffffff;\">Vous avez un projet d'\u00e9volution, de transformation ou tout simplement un nouveau besoin que vous voulez concr\u00e9tiser? Nous pouvons vous accompagner en faisant les bons choix.<\/span><\/h1>                <\/div>\r\n            <\/div>\r\n        <\/div>\r\n    <\/div>\r\n    <\/div>\r\n<style>\r\n    #wcp-widget-178-0 .info h3 {\r\n        color: ;\r\n    }    \r\n    #wcp-widget-178-0 .info .bottom-caption * {\r\n        color: ;\r\n    }    \r\n<\/style>            <\/div>\r\n            \r\n            <\/div>\r\n    \r\n\r\n    \r\n    <div class=\"clearfix\"><\/div>\r\n    \r\n<\/div>\n<\/div>\n\t\t<\/div>\n\t  \t  \t    \t<div class=\"tab-pane fade\" id=\"1537026954600-2-1\">\n    \t\t<div class=\"col-text-1 text-normal  element-top-20 element-bottom-20\" data-os-animation=\"none\" data-os-animation-delay=\"0s\">\n    <div class=\"ich-prefix\">\r\n\r\n    \r\n    <div class=\"row wcp-fgg-wrap\" style=\"width:auto;margin-left: -10px;margin-right: -10px;\">\r\n\r\n                                <div class=\"col-1-1\" style=\"padding: 10px;\">\r\n                <div class=\"ih-item square effect13 left_to_right\" id=\"wcp-widget-131-0\">\r\n    <div class=\"wcp-ih-inner\">\r\n            <div class=\"img\">\r\n            <img decoding=\"async\" src=\"https:\/\/www.beors.fr\/wp-content\/uploads\/2018\/09\/architecture-business-cabinet-325229_tiny.jpg\" title=\"Virtualisation\" alt=\"\" \/>                \r\n        <\/div>\r\n        <div class=\"info\" style=\"background-color: ;color:;\">\r\n            <div >\r\n                <h3 style=\"font-size:50px;background-color:;\">\r\n                    Virtualisation                <\/h3>\r\n                <div class=\"bottom-caption\" style=\"text-align: auto;\">\r\n                    <h1><span style=\"color: #ffffff;\">Que la virtualisation soit au niveau serveur, utilisateur ou applicative, nous mettons notre savoir-faire \u00e0 votre disposition afin d'y appliquer les meilleures pratiques en vigueur.<\/span><\/h1>                <\/div>\r\n            <\/div>\r\n        <\/div>\r\n    <\/div>\r\n    <\/div>\r\n<style>\r\n    #wcp-widget-131-0 .info h3 {\r\n        color: ;\r\n    }    \r\n    #wcp-widget-131-0 .info .bottom-caption * {\r\n        color: ;\r\n    }    \r\n<\/style>            <\/div>\r\n            \r\n            <\/div>\r\n    \r\n\r\n    \r\n    <div class=\"clearfix\"><\/div>\r\n    \r\n<\/div>\n<\/div>\n\t\t<\/div>\n\t\n<\/div>\n\t\t\t<\/div>\n\t<\/div><\/div>        <\/div>\n    <\/div>\n<\/section>\n<section class=\"section  text-normal section-text-no-shadow section-inner-no-shadow section-normal section-opaque\"  >\n            <div class=\"background-media\" style=\"background-image: url(&#039;https:\/\/www.beors.fr\/wp-content\/uploads\/2018\/04\/anza_statistics.jpg&#039;); background-repeat:no-repeat; background-size:cover; background-attachment:no-scroll; background-position: 50% 0%;\" >\n                    <\/div>\n    \n    <div class=\"background-overlay grid-overlay-0 \" style=\"background-color: rgba(0,0,0,0);\"><\/div>\n\n    <div class=\"container container-vertical-default\">\n        <div class=\"row vertical-default\">\n            <div class=\"col-md-12     text-default small-screen-default\"  ><div class=\"col-text-1 text-normal  element-top-120 element-bottom-120\" data-os-animation=\"none\" data-os-animation-delay=\"0s\">\n    <p>&nbsp;<\/p>\n<p>&nbsp;<\/p>\n<p>&nbsp;<\/p>\n<\/div>\n<\/div>        <\/div>\n    <\/div>\n<\/section>\n<section class=\"section  text-normal section-text-no-shadow section-inner-no-shadow section-normal section-opaque\"  id=\"Contact\" >\n    \n    <div class=\"background-overlay grid-overlay-0 \" style=\"background-color: rgba(0,0,0,0);\"><\/div>\n\n    <div class=\"container container-vertical-default\">\n        <div class=\"row vertical-default\">\n            <div class=\"col-md-4     text-default small-screen-default\"  ><h1 class=\"text-left  element-top-20 element-bottom-20 text-normal normal default\" data-os-animation=\"none\" data-os-animation-delay=\"0s\" >\n    Contactez nous<\/h1>\n<div class=\"wpcf7 no-js\" id=\"wpcf7-f5-o1\" lang=\"en-US\" dir=\"ltr\" data-wpcf7-id=\"5\">\n<div class=\"screen-reader-response\"><p role=\"status\" aria-live=\"polite\" aria-atomic=\"true\"><\/p> <ul><\/ul><\/div>\n<form action=\"\/index.php?rest_route=%2Fwp%2Fv2%2Fpages%2F94#wpcf7-f5-o1\" method=\"post\" class=\"wpcf7-form init\" aria-label=\"Contact form\" novalidate=\"novalidate\" data-status=\"init\">\n<div style=\"display: none;\">\n<input type=\"hidden\" name=\"_wpcf7\" value=\"5\" \/>\n<input type=\"hidden\" name=\"_wpcf7_version\" value=\"6.0.6\" \/>\n<input type=\"hidden\" name=\"_wpcf7_locale\" value=\"en_US\" \/>\n<input type=\"hidden\" name=\"_wpcf7_unit_tag\" value=\"wpcf7-f5-o1\" \/>\n<input type=\"hidden\" name=\"_wpcf7_container_post\" value=\"0\" \/>\n<input type=\"hidden\" name=\"_wpcf7_posted_data_hash\" value=\"\" \/>\n<input type=\"hidden\" name=\"_wpcf7_recaptcha_response\" value=\"\" \/>\n<\/div>\n<p><label> Votre nom (obligatoire)<br \/>\n<span class=\"wpcf7-form-control-wrap\" data-name=\"your-name\"><input size=\"40\" maxlength=\"400\" class=\"wpcf7-form-control wpcf7-text wpcf7-validates-as-required\" aria-required=\"true\" aria-invalid=\"false\" value=\"\" type=\"text\" name=\"your-name\" \/><\/span> <\/label>\n<\/p>\n<p><label> Votre email (obligatoire)<br \/>\n<span class=\"wpcf7-form-control-wrap\" data-name=\"your-email\"><input size=\"40\" maxlength=\"400\" class=\"wpcf7-form-control wpcf7-email wpcf7-validates-as-required wpcf7-text wpcf7-validates-as-email\" aria-required=\"true\" aria-invalid=\"false\" value=\"\" type=\"email\" name=\"your-email\" \/><\/span> <\/label>\n<\/p>\n<p><label> Sujet<br \/>\n<span class=\"wpcf7-form-control-wrap\" data-name=\"your-subject\"><input size=\"40\" maxlength=\"400\" class=\"wpcf7-form-control wpcf7-text\" aria-invalid=\"false\" value=\"\" type=\"text\" name=\"your-subject\" \/><\/span> <\/label>\n<\/p>\n<p><label> Votre message<br \/>\n<span class=\"wpcf7-form-control-wrap\" data-name=\"your-message\"><textarea cols=\"40\" rows=\"10\" maxlength=\"2000\" class=\"wpcf7-form-control wpcf7-textarea\" aria-invalid=\"false\" name=\"your-message\"><\/textarea><\/span> <\/label>\n<\/p>\n\n<p><input class=\"wpcf7-form-control wpcf7-submit has-spinner\" type=\"submit\" value=\"Envoyer\" \/>\n<\/p><div class=\"wpcf7-response-output\" aria-hidden=\"true\"><\/div>\n<\/form>\n<\/div>\n<\/div><div class=\"col-md-6     text-default small-screen-default\"  ><div class=\"figure element-top-20 element-bottom-20  \" data-os-animation=\"none\" data-os-animation-delay=\"0s\">\n            <span class=\"figure-image\">\n        <img loading=\"lazy\" decoding=\"async\" width=\"704\" height=\"1024\" src=\"https:\/\/www.beors.fr\/wp-content\/uploads\/2018\/06\/poste_small-704x1024.jpg\" class=\"attachment-large size-large\" alt=\"\" srcset=\"https:\/\/www.beors.fr\/wp-content\/uploads\/2018\/06\/poste_small-704x1024.jpg 704w, https:\/\/www.beors.fr\/wp-content\/uploads\/2018\/06\/poste_small-206x300.jpg 206w, https:\/\/www.beors.fr\/wp-content\/uploads\/2018\/06\/poste_small-768x1116.jpg 768w, https:\/\/www.beors.fr\/wp-content\/uploads\/2018\/06\/poste_small-1057x1536.jpg 1057w, https:\/\/www.beors.fr\/wp-content\/uploads\/2018\/06\/poste_small-1409x2048.jpg 1409w, https:\/\/www.beors.fr\/wp-content\/uploads\/2018\/06\/poste_small-scaled.jpg 1761w\" sizes=\"auto, (max-width: 704px) 100vw, 704px\" \/>            <\/span>\n    <\/div>\n<\/div><div class=\"col-md-2     text-default small-screen-default\"  ><a href=\"#MyHome\" class=\"scroll-to scroll-to-id scroll-to-id element-top-20 element-bottom-20 text-normal os-animation\" data-os-animation=\"bounceInUp\" data-os-animation-delay=\"0s\">\n    <i class=\"fa fa-angle-up\"><\/i>\n<\/a><\/div>        <\/div>\n    <\/div>\n<\/section>\n","protected":false},"excerpt":{"rendered":"L'artisan de v\u00f4tre succ\u00e8s Beors ? Fort d'une exp\u00e9rience de plus de 20 ans dans le monde de l'IT, Beors souhaite proposer son expertise de mani\u00e8re plus humaine et honn\u00eate. \u00catre \u00e0 l'\u00e9coute du client et r\u00e9pondre \u00e0 ses vrais besoins en gardant une honn\u00eatet\u00e9 intellectuelle. Nous pouvons vous assister Audit Conseil Virtualisation Audit Que","protected":false},"author":1,"featured_media":0,"parent":0,"menu_order":0,"comment_status":"closed","ping_status":"closed","template":"","meta":{"footnotes":""},"class_list":["post-94","page","type-page","status-publish","hentry"],"_links":{"self":[{"href":"https:\/\/www.beors.fr\/index.php?rest_route=\/wp\/v2\/pages\/94","targetHints":{"allow":["GET"]}}],"collection":[{"href":"https:\/\/www.beors.fr\/index.php?rest_route=\/wp\/v2\/pages"}],"about":[{"href":"https:\/\/www.beors.fr\/index.php?rest_route=\/wp\/v2\/types\/page"}],"author":[{"embeddable":true,"href":"https:\/\/www.beors.fr\/index.php?rest_route=\/wp\/v2\/users\/1"}],"replies":[{"embeddable":true,"href":"https:\/\/www.beors.fr\/index.php?rest_route=%2Fwp%2Fv2%2Fcomments&post=94"}],"version-history":[{"count":88,"href":"https:\/\/www.beors.fr\/index.php?rest_route=\/wp\/v2\/pages\/94\/revisions"}],"predecessor-version":[{"id":96,"href":"https:\/\/www.beors.fr\/index.php?rest_route=\/wp\/v2\/pages\/94\/revisions\/96"}],"wp:attachment":[{"href":"https:\/\/www.beors.fr\/index.php?rest_route=%2Fwp%2Fv2%2Fmedia&parent=94"}],"curies":[{"name":"wp","href":"https:\/\/api.w.org\/{rel}","templated":true}]}}